{"id":516,"date":"2023-04-17T07:52:41","date_gmt":"2023-04-17T07:52:41","guid":{"rendered":"https:\/\/prime400.com\/?page_id=516"},"modified":"2026-05-13T11:25:44","modified_gmt":"2026-05-13T11:25:44","slug":"menu","status":"publish","type":"page","link":"https:\/\/prime400.com\/es\/menu\/","title":{"rendered":"Men\u00fa"},"content":{"rendered":"<section class=\"l-section wpb_row us_custom_de67d1db height_medium width_full\"><div class=\"l-section-h i-cf\"><div class=\"g-cols vc_row via_grid cols_1 laptops-cols_inherit tablets-cols_inherit mobiles-cols_1 valign_top type_default stacking_default\"><div class=\"wpb_column vc_column_container\"><div class=\"vc_column-inner\">[vc_custom_heading text=\u00bbPLATOS PARA TODOS LOS GUSTOS\u00bb font_container=\u00bbtag:div|text_align:left\u00bb use_theme_fonts=\u00bbyes\u00bb css=\u00bb%7B%22default%22%3A%7B%22text-align%22%3A%22center%22%2C%22font-size%22%3A%220.8rem%22%2C%22text-transform%22%3A%22uppercase%22%2C%22animation-name%22%3A%22fade%22%2C%22animation-delay%22%3A%220.5s%22%7D%7D\u00bb][vc_custom_heading text=\u00bbMEN\u00da\u00bb font_container=\u00bbtag:h2|text_align:center\u00bb use_theme_fonts=\u00bbyes\u00bb css=\u00bb%7B%22default%22%3A%7B%22color%22%3A%22%23333333%22%2C%22animation-name%22%3A%22fade%22%2C%22animation-delay%22%3A%220.5s%22%7D%7D\u00bb]<div class=\"w-image us_custom_f1a4f275 us_animate_this align_center\"><div class=\"w-image-h\"><img loading=\"lazy\" decoding=\"async\" width=\"116\" height=\"5\" src=\"https:\/\/prime400.com\/wp-content\/uploads\/2022\/12\/separador.png\" class=\"attachment-full size-full\" alt=\"separador\" \/><\/div><\/div><\/div><\/div><\/div><\/div><\/section><section class=\"l-section wpb_row menu height_auto\"><div class=\"l-section-h i-cf\"><div class=\"g-cols vc_row via_grid cols_2 laptops-cols_inherit tablets-cols_inherit mobiles-cols_1 valign_middle type_default stacking_default\" style=\"grid-gap:2rem;\"><div class=\"wpb_column vc_column_container us_custom_1af12b84 has_bg_color has-link\"><div class=\"vc_column-inner\"><h2 class=\"w-text us_custom_d44d8758 middle has_text_color\"><span class=\"w-text-h\"><span class=\"w-text-value\">Entrantes<\/span><\/span><\/h2><\/div><a href=\"https:\/\/prime400.com\/es\/entrantes\/\" class=\"vc_column-link smooth-scroll\" aria-label=\"Enlace\"><\/a><\/div><div class=\"wpb_column vc_column_container us_custom_888670dc has_bg_color has-link\"><div class=\"vc_column-inner\"><h2 class=\"w-text us_custom_d44d8758 has_text_color\"><span class=\"w-text-h\"><span class=\"w-text-value\">Carnes<\/span><\/span><\/h2><\/div><a href=\"https:\/\/prime400.com\/es\/carnes\/\" class=\"vc_column-link smooth-scroll\" aria-label=\"Enlace\"><\/a><\/div><div class=\"wpb_column vc_column_container us_custom_9f9ed5bc has_bg_color has-link\"><div class=\"vc_column-inner\"><h2 class=\"w-text us_custom_d44d8758 has_text_color\"><span class=\"w-text-h\"><span class=\"w-text-value\">Pescados<\/span><\/span><\/h2><\/div><a href=\"https:\/\/prime400.com\/es\/pescados\/\" class=\"vc_column-link smooth-scroll\" aria-label=\"Enlace\"><\/a><\/div><\/div><\/div><\/section><section class=\"l-section wpb_row height_medium\"><div class=\"l-section-h i-cf\"><div class=\"g-cols vc_row via_grid cols_1 laptops-cols_inherit tablets-cols_inherit mobiles-cols_1 valign_top type_default stacking_default\"><div class=\"wpb_column vc_column_container\"><div class=\"vc_column-inner\"><div class=\"wpb_text_column us_custom_4d3af108 us_animate_this\"><div class=\"wpb_wrapper\"><p style=\"text-align: center;\">Ven a <strong>Prime 400<\/strong>, el <strong>asador<\/strong> m\u00e1s destacado de <strong>Tenerife<\/strong>. Del\u00e9itate con nuestros suculentos cortes de carne y disfruta de una experiencia \u00fanica en la isla.<\/p>\n<\/div><\/div><\/div><\/div><\/div><\/div><\/section>\n","protected":false},"excerpt":{"rendered":"[vc_custom_heading text=\"PLATOS PARA TODOS LOS GUSTOS\" font_container=\"tag:div|text_align:left\" use_theme_fonts=\"yes\" css=\"%7B%22default%22%3A%7B%22text-align%22%3A%22center%22%2C%22font-size%22%3A%220.8rem%22%2C%22text-transform%22%3A%22uppercase%22%2C%22animation-name%22%3A%22fade%22%2C%22animation-delay%22%3A%220.5s%22%7D%7D\"][vc_custom_heading text=\"MEN\u00da\" font_container=\"tag:h2|text_align:center\" use_theme_fonts=\"yes\" css=\"%7B%22default%22%3A%7B%22color%22%3A%22%23333333%22%2C%22animation-name%22%3A%22fade%22%2C%22animation-delay%22%3A%220.5s%22%7D%7D\"]EntrantesCarnesPescadosVen a Prime 400, el asador m\u00e1s destacado de Tenerife. Del\u00e9itate con nuestros suculentos cortes de carne y disfruta de una experiencia \u00fanica en la isla.","protected":false},"author":1,"featured_media":0,"parent":0,"menu_order":0,"comment_status":"closed","ping_status":"closed","template":"","meta":{"footnotes":""},"class_list":["post-516","page","type-page","status-publish","hentry"],"yoast_head":"<!-- This site is optimized with the Yoast SEO Premium plugin v26.2 (Yoast SEO v26.2) - https:\/\/yoast.com\/wordpress\/plugins\/seo\/ -->\n<title>Men\u00fa | Restaurante Asador en Tenerife - Prime 400-\u00a0Gourmetland<\/title>\n<meta name=\"description\" content=\"\u00a1Conoce nuestro men\u00fa! El mejor restaurante asador en Tenerife se llama Prime 400. Ven a conocernos al CC The Duke Shops.\" \/>\n<meta name=\"robots\" content=\"index, follow, max-snippet:-1, max-image-preview:large, max-video-preview:-1\" \/>\n<link rel=\"canonical\" href=\"https:\/\/prime400.com\/menu\/\" \/>\n<meta property=\"og:locale\" content=\"es_ES\" \/>\n<meta property=\"og:type\" content=\"article\" \/>\n<meta property=\"og:title\" content=\"Men\u00fa\" \/>\n<meta property=\"og:description\" content=\"\u00a1Conoce nuestro men\u00fa! El mejor restaurante asador en Tenerife se llama Prime 400. Ven a conocernos al CC The Duke Shops.\" \/>\n<meta property=\"og:url\" content=\"https:\/\/prime400.com\/menu\/\" \/>\n<meta property=\"og:site_name\" content=\"Prime400 | Gourmetland Tenerife\" \/>\n<meta property=\"article:modified_time\" content=\"2026-05-13T11:25:44+00:00\" \/>\n<meta name=\"twitter:card\" content=\"summary_large_image\" \/>\n<meta name=\"twitter:label1\" content=\"Tiempo de lectura\" \/>\n\t<meta name=\"twitter:data1\" content=\"1 minuto\" \/>\n<script type=\"application\/ld+json\" class=\"yoast-schema-graph\">{\"@context\":\"https:\/\/schema.org\",\"@graph\":[{\"@type\":\"WebPage\",\"@id\":\"https:\/\/prime400.com\/menu\/\",\"url\":\"https:\/\/prime400.com\/menu\/\",\"name\":\"Men\u00fa | Restaurante Asador en Tenerife - Prime 400-\u00a0Gourmetland\",\"isPartOf\":{\"@id\":\"https:\/\/prime400.com\/#website\"},\"datePublished\":\"2023-04-17T07:52:41+00:00\",\"dateModified\":\"2026-05-13T11:25:44+00:00\",\"description\":\"\u00a1Conoce nuestro men\u00fa! El mejor restaurante asador en Tenerife se llama Prime 400. Ven a conocernos al CC The Duke Shops.\",\"breadcrumb\":{\"@id\":\"https:\/\/prime400.com\/menu\/#breadcrumb\"},\"inLanguage\":\"es\",\"potentialAction\":[{\"@type\":\"ReadAction\",\"target\":[\"https:\/\/prime400.com\/menu\/\"]}]},{\"@type\":\"BreadcrumbList\",\"@id\":\"https:\/\/prime400.com\/menu\/#breadcrumb\",\"itemListElement\":[{\"@type\":\"ListItem\",\"position\":1,\"name\":\"Portada\",\"item\":\"https:\/\/prime400.com\/es\/\"},{\"@type\":\"ListItem\",\"position\":2,\"name\":\"Men\u00fa\"}]},{\"@type\":\"WebSite\",\"@id\":\"https:\/\/prime400.com\/#website\",\"url\":\"https:\/\/prime400.com\/\",\"name\":\"Prime400 | Gourmetland Tenerife\",\"description\":\"Restaurante Asador en Tenerife\",\"publisher\":{\"@id\":\"https:\/\/prime400.com\/#organization\"},\"potentialAction\":[{\"@type\":\"SearchAction\",\"target\":{\"@type\":\"EntryPoint\",\"urlTemplate\":\"https:\/\/prime400.com\/?s={search_term_string}\"},\"query-input\":{\"@type\":\"PropertyValueSpecification\",\"valueRequired\":true,\"valueName\":\"search_term_string\"}}],\"inLanguage\":\"es\"},{\"@type\":[\"Organization\",\"Place\"],\"@id\":\"https:\/\/prime400.com\/#organization\",\"name\":\"Prime 400\u00ba\",\"url\":\"https:\/\/prime400.com\/\",\"logo\":{\"@id\":\"https:\/\/prime400.com\/menu\/#local-main-organization-logo\"},\"image\":{\"@id\":\"https:\/\/prime400.com\/menu\/#local-main-organization-logo\"},\"address\":{\"@id\":\"https:\/\/prime400.com\/menu\/#local-main-place-address\"},\"geo\":{\"@type\":\"GeoCoordinates\",\"latitude\":\"28.092462962586804\",\"longitude\":\"-16.73592040531865\"},\"telephone\":[],\"contactPoint\":{\"@type\":\"ContactPoint\",\"telephone\":\"922 78 08 21\",\"email\":\"info@prime400.com\"},\"openingHoursSpecification\":[{\"@type\":\"OpeningHoursSpecification\",\"dayOfWeek\":[\"Monday\",\"Tuesday\",\"Wednesday\",\"Thursday\",\"Friday\",\"Saturday\",\"Sunday\"],\"opens\":\"13:00\",\"closes\":\"23:00\"}]},{\"@type\":\"PostalAddress\",\"@id\":\"https:\/\/prime400.com\/menu\/#local-main-place-address\",\"streetAddress\":\"Av. de Bruselas, 14, top floor, 38679 Costa Adeje, Santa Cruz de Tenerife\",\"addressLocality\":\"Costa Adeje\",\"postalCode\":\"38679\",\"addressCountry\":\"ES\"},{\"@type\":\"ImageObject\",\"inLanguage\":\"es\",\"@id\":\"https:\/\/prime400.com\/menu\/#local-main-organization-logo\",\"url\":\"https:\/\/prime400.com\/wp-content\/uploads\/2023\/05\/prime400.png\",\"contentUrl\":\"https:\/\/prime400.com\/wp-content\/uploads\/2023\/05\/prime400.png\",\"width\":350,\"height\":350,\"caption\":\"Prime 400\u00ba\"}]}<\/script>\n<meta name=\"geo.placename\" content=\"Costa Adeje\" \/>\n<meta name=\"geo.position\" content=\"28.092462962586804;-16.73592040531865\" \/>\n<meta name=\"geo.region\" content=\"Espa\u00f1a\" \/>\n<!-- \/ Yoast SEO Premium plugin. -->","yoast_head_json":{"title":"Men\u00fa | Restaurante Asador en Tenerife - Prime 400-\u00a0Gourmetland","description":"\u00a1Conoce nuestro men\u00fa! El mejor restaurante asador en Tenerife se llama Prime 400. Ven a conocernos al CC The Duke Shops.","robots":{"index":"index","follow":"follow","max-snippet":"max-snippet:-1","max-image-preview":"max-image-preview:large","max-video-preview":"max-video-preview:-1"},"canonical":"https:\/\/prime400.com\/menu\/","og_locale":"es_ES","og_type":"article","og_title":"Men\u00fa","og_description":"\u00a1Conoce nuestro men\u00fa! El mejor restaurante asador en Tenerife se llama Prime 400. Ven a conocernos al CC The Duke Shops.","og_url":"https:\/\/prime400.com\/menu\/","og_site_name":"Prime400 | Gourmetland Tenerife","article_modified_time":"2026-05-13T11:25:44+00:00","twitter_card":"summary_large_image","twitter_misc":{"Tiempo de lectura":"1 minuto"},"schema":{"@context":"https:\/\/schema.org","@graph":[{"@type":"WebPage","@id":"https:\/\/prime400.com\/menu\/","url":"https:\/\/prime400.com\/menu\/","name":"Men\u00fa | Restaurante Asador en Tenerife - Prime 400-\u00a0Gourmetland","isPartOf":{"@id":"https:\/\/prime400.com\/#website"},"datePublished":"2023-04-17T07:52:41+00:00","dateModified":"2026-05-13T11:25:44+00:00","description":"\u00a1Conoce nuestro men\u00fa! El mejor restaurante asador en Tenerife se llama Prime 400. Ven a conocernos al CC The Duke Shops.","breadcrumb":{"@id":"https:\/\/prime400.com\/menu\/#breadcrumb"},"inLanguage":"es","potentialAction":[{"@type":"ReadAction","target":["https:\/\/prime400.com\/menu\/"]}]},{"@type":"BreadcrumbList","@id":"https:\/\/prime400.com\/menu\/#breadcrumb","itemListElement":[{"@type":"ListItem","position":1,"name":"Portada","item":"https:\/\/prime400.com\/es\/"},{"@type":"ListItem","position":2,"name":"Men\u00fa"}]},{"@type":"WebSite","@id":"https:\/\/prime400.com\/#website","url":"https:\/\/prime400.com\/","name":"Prime400 | Gourmetland Tenerife","description":"Restaurante Asador en Tenerife","publisher":{"@id":"https:\/\/prime400.com\/#organization"},"potentialAction":[{"@type":"SearchAction","target":{"@type":"EntryPoint","urlTemplate":"https:\/\/prime400.com\/?s={search_term_string}"},"query-input":{"@type":"PropertyValueSpecification","valueRequired":true,"valueName":"search_term_string"}}],"inLanguage":"es"},{"@type":["Organization","Place"],"@id":"https:\/\/prime400.com\/#organization","name":"Prime 400\u00ba","url":"https:\/\/prime400.com\/","logo":{"@id":"https:\/\/prime400.com\/menu\/#local-main-organization-logo"},"image":{"@id":"https:\/\/prime400.com\/menu\/#local-main-organization-logo"},"address":{"@id":"https:\/\/prime400.com\/menu\/#local-main-place-address"},"geo":{"@type":"GeoCoordinates","latitude":"28.092462962586804","longitude":"-16.73592040531865"},"telephone":[],"contactPoint":{"@type":"ContactPoint","telephone":"922 78 08 21","email":"info@prime400.com"},"openingHoursSpecification":[{"@type":"OpeningHoursSpecification","dayOfWeek":["Monday","Tuesday","Wednesday","Thursday","Friday","Saturday","Sunday"],"opens":"13:00","closes":"23:00"}]},{"@type":"PostalAddress","@id":"https:\/\/prime400.com\/menu\/#local-main-place-address","streetAddress":"Av. de Bruselas, 14, top floor, 38679 Costa Adeje, Santa Cruz de Tenerife","addressLocality":"Costa Adeje","postalCode":"38679","addressCountry":"ES"},{"@type":"ImageObject","inLanguage":"es","@id":"https:\/\/prime400.com\/menu\/#local-main-organization-logo","url":"https:\/\/prime400.com\/wp-content\/uploads\/2023\/05\/prime400.png","contentUrl":"https:\/\/prime400.com\/wp-content\/uploads\/2023\/05\/prime400.png","width":350,"height":350,"caption":"Prime 400\u00ba"}]},"geo.placename":"Costa Adeje","geo.position":{"lat":"28.092462962586804","long":"-16.73592040531865"},"geo.region":"Espa\u00f1a"},"_links":{"self":[{"href":"https:\/\/prime400.com\/es\/wp-json\/wp\/v2\/pages\/516","targetHints":{"allow":["GET"]}}],"collection":[{"href":"https:\/\/prime400.com\/es\/wp-json\/wp\/v2\/pages"}],"about":[{"href":"https:\/\/prime400.com\/es\/wp-json\/wp\/v2\/types\/page"}],"author":[{"embeddable":true,"href":"https:\/\/prime400.com\/es\/wp-json\/wp\/v2\/users\/1"}],"replies":[{"embeddable":true,"href":"https:\/\/prime400.com\/es\/wp-json\/wp\/v2\/comments?post=516"}],"version-history":[{"count":16,"href":"https:\/\/prime400.com\/es\/wp-json\/wp\/v2\/pages\/516\/revisions"}],"predecessor-version":[{"id":1190,"href":"https:\/\/prime400.com\/es\/wp-json\/wp\/v2\/pages\/516\/revisions\/1190"}],"wp:attachment":[{"href":"https:\/\/prime400.com\/es\/wp-json\/wp\/v2\/media?parent=516"}],"curies":[{"name":"wp","href":"https:\/\/api.w.org\/{rel}","templated":true}]}}