{"id":92,"date":"2022-12-15T15:55:08","date_gmt":"2022-12-15T15:55:08","guid":{"rendered":"https:\/\/prime400.com\/?page_id=92"},"modified":"2023-12-07T14:16:13","modified_gmt":"2023-12-07T14:16:13","slug":"cookie-policy","status":"publish","type":"page","link":"https:\/\/prime400.com\/en\/cookie-policy\/","title":{"rendered":"Cookie Policy"},"content":{"rendered":"<section class=\"l-section wpb_row height_medium\"><div class=\"l-section-h i-cf\"><div class=\"g-cols vc_row via_grid cols_1 laptops-cols_inherit tablets-cols_inherit mobiles-cols_1 valign_top type_default stacking_default\"><div class=\"wpb_column vc_column_container\"><div class=\"vc_column-inner\">[vc_custom_heading source=&#8221;post_title&#8221; use_theme_fonts=&#8221;yes&#8221;]<\/div><\/div><\/div><\/div><\/section><section class=\"l-section wpb_row height_small\"><div class=\"l-section-h i-cf\"><div class=\"g-cols vc_row via_grid cols_1 laptops-cols_inherit tablets-cols_inherit mobiles-cols_1 valign_top type_default stacking_default\"><div class=\"wpb_column vc_column_container\"><div class=\"vc_column-inner\"><div class=\"wpb_text_column\"><div class=\"wpb_wrapper\"><p><strong>WEB: https:\/\/www.prime400.com<\/strong><\/p>\n<p>Esta Pol\u00edtica de Cookies es parte integrante del Aviso Legal y Pol\u00edtica de Privacidad de la p\u00e1gina web www.prime400.com (en adelante, el \u201cSitio Web\u201d). El acceso y la navegaci\u00f3n en el Sitio Web, o el uso de los servicios del mismo, implican la aceptaci\u00f3n de los t\u00e9rminos y condiciones recogido en el Aviso Legal y en la Pol\u00edtica de Privacidad.<br \/>\nCon el fin de facilitar la navegaci\u00f3n por el Sitio Web, REVYROD, S.L (en adelante, \u201cLA ENTIDAD\u201d) como titular del mismo, con CIF n\u00famero B38421525 y domicilio social en C\/Infanta Elena 16, Pol\u00edgono Industrial Cho, C.P. 38632, Arona, Santa Cruz de Tenerife, le comunica que utiliza cookies u otros dispositivos de almacenamiento y recuperaci\u00f3n de datos de funcionalidad similar (en adelante, \u201cCookies\u201d).<br \/>\nEn este sentido, y con el objetivo de garantizar al usuario toda la informaci\u00f3n necesaria para su correcta navegaci\u00f3n, ponemos a disposici\u00f3n del usuario el siguiente texto informativo sobre qu\u00e9 son las cookies, qu\u00e9 tipolog\u00eda de cookies existen en nuestra P\u00e1gina Web y c\u00f3mo es posible configurarlas o deshabilitarlas.<\/p>\n<p><strong>1.- \u00bfQU\u00c9 ES UNA COOKIE?<\/strong><\/p>\n<p>Las Cookies son archivos que contienen peque\u00f1as cantidades de informaci\u00f3n que se descargan en el dispositivo del usuario cuando visita una p\u00e1gina web. Su finalidad principal es reconocer al usuario cada vez que accede al Sitio Web permitiendo, adem\u00e1s, mejorar la calidad y ofrecer un mejor uso del mismo.<br \/>\nLA ENTIDAD utiliza cookies propias y cookies de terceros, pertenecientes a terceras empresas. Las Cookies son esenciales para el funcionamiento de Internet, no pueden da\u00f1ar el equipo\/dispositivo del usuario y, si se encuentran activadas en la configuraci\u00f3n de su navegador, ayudan a identificar y resolver posibles errores de funcionamiento del Sitio Web.<\/p>\n<p><strong>2.- USO DE COOKIES POR PARTE DEL PRESTADOR.<\/strong><\/p>\n<p>Mediante el acceso al Sitio Web, acepta de manera expresa la utilizaci\u00f3n de este tipo de Cookies en sus dispositivos. Si desactiva las Cookies, puede que su navegaci\u00f3n por el Sitio Web no sea \u00f3ptima y algunas de las utilidades de que este dispone no funcionen correctamente.<br \/>\nConcretamente, el prestador est\u00e1 utilizando las Cookies para las finalidades que a continuaci\u00f3n se exponen. Si en un futuro el prestador utilizase otras con el prop\u00f3sito de otorgar m\u00e1s y mejores servicios, se informar\u00e1 al usuario de ello.<br \/>\nLA ENTIDAD podr\u00e1 recoger informaci\u00f3n a trav\u00e9s de archivos como cookies o ficheros log sobre la navegaci\u00f3n de los usuarios por los Sitios Web de su titularidad. Estos dispositivos se asocian exclusivamente a un \u00fanico usuario y su propio dispositivo de acceso. Las cookies son ficheros enviados por el sitio web y almacenados en el navegador del usuario por medio de un servidor web para el mantenimiento de la sesi\u00f3n de navegaci\u00f3n, almacenando su direcci\u00f3n IP (de su ordenador) y otros posibles datos de navegaci\u00f3n.<br \/>\nLA ENTIDAD tambi\u00e9n podr\u00e1 utilizar \u201cbeacons&#8221; o im\u00e1genes electr\u00f3nicas que permiten al sitio web contar el n\u00famero de visitantes y usuarios que han ingresado a un sitio web en particular y acceder a ciertas cookies. Gracias a las cookies, resulta posible que el servidor de LA ENTIDAD reconozca el navegador del ordenador utilizado por el usuario con la finalidad de que la navegaci\u00f3n sea m\u00e1s sencilla, as\u00ed como para medir la audiencia y par\u00e1metros del tr\u00e1fico, controlar el progreso y n\u00famero de entradas, utiliz\u00e1ndose la informaci\u00f3n contenida en las cookies de forma desvinculada respecto de cualquier otro dato de car\u00e1cter personal que pudiera constar del usuario.<br \/>\nLA ENTIDAD utiliza cookies para personalizar la navegaci\u00f3n del usuario por los Sitios Web de su titularidad, cookies de entrada de usuario y cookies de sesi\u00f3n para equilibrar la carga, las cuales est\u00e1n excluidas del \u00e1mbito de aplicaci\u00f3n del art\u00edculo 22.2 de la Ley de Servicios de la Sociedad de la Informaci\u00f3n y Comercio Electr\u00f3nico (LSSI-CE).<br \/>\nLA ENTIDAD utiliza cookies de anal\u00edtica web para medir y analizar la navegaci\u00f3n de los usuarios en los Sitios Web. Las cookies de anal\u00edtica son aquellas que permiten al responsable de las mismas el seguimiento y an\u00e1lisis del comportamiento de los usuarios de los sitios web a los que est\u00e9n vinculadas. LA ENTIDAD utiliza los datos obtenidos con el fin de introducir mejoras en funci\u00f3n del an\u00e1lisis de los datos de uso que hacen los usuarios. La anal\u00edtica web no permite obtener informaci\u00f3n sobre el nombre, apellidos o direcci\u00f3n de correo electr\u00f3nico o postal del usuario. La informaci\u00f3n obtenida es la relativa al n\u00famero de usuarios que acceden a la web, el n\u00famero de p\u00e1ginas vistas, la frecuencia y repetici\u00f3n de las visitas, su duraci\u00f3n, el navegador utilizado, el operador que presta el servicio, el idioma, el terminal utilizado o la ciudad a la que est\u00e1 asignada la direcci\u00f3n IP.<br \/>\nLA ENTIDAD utiliza cookies de publicidad comportamental para la gesti\u00f3n de los espacios publicitarios en base a criterios determinados y cookies de complemento (plug-in) para intercambiar contenidos sociales. Las cookies de publicidad comportamental son aquellas que permiten la gesti\u00f3n de los espacios publicitarios que el editor del sitio web haya incluido en el mismo de la forma m\u00e1s eficaz posible. Estas cookies almacenan informaci\u00f3n del comportamiento de los usuarios obtenida a trav\u00e9s de la observaci\u00f3n continuada de sus h\u00e1bitos de navegaci\u00f3n, lo que permite mostrar publicidad en funci\u00f3n del mismo.<br \/>\nEn la siguiente tabla puede consultar las cookies utilizadas en el sitio web de LA ENTIDAD, la informaci\u00f3n obtenida por las mismas y su finalidad:<\/p>\n<p><strong>3.- COOKIES DE TERCEROS.<\/strong><\/p>\n<table width=\"708\" cellspacing=\"0\" cellpadding=\"9\">\n<tbody>\n<tr valign=\"top\">\n<td width=\"181\">\n<p align=\"justify\">Cookie<\/p>\n<\/td>\n<td width=\"195\">\n<p align=\"justify\">Finalidad<\/p>\n<\/td>\n<td width=\"276\">\n<p align=\"justify\">Descripci\u00f3n de la finalidad de la cookie<\/p>\n<\/td>\n<\/tr>\n<tr valign=\"top\">\n<td width=\"181\" height=\"32\">\n<p align=\"justify\">_gat (GoogleAnalytics)<\/p>\n<\/td>\n<td width=\"195\">\n<p align=\"justify\">Limitar el porcentaje.<\/p>\n<\/td>\n<td width=\"276\">\n<p align=\"justify\">Se usa para limitar el porcentaje de solicitudes.<\/p>\n<\/td>\n<\/tr>\n<tr valign=\"top\">\n<td width=\"181\">\n<p align=\"justify\">_ga (GoogleAnalytics)<\/p>\n<\/td>\n<td width=\"195\">\n<p align=\"justify\">Distinguir a los usuarios.<\/p>\n<\/td>\n<td width=\"276\">\n<p align=\"justify\">Se usa para distinguir a los usuarios.<\/p>\n<\/td>\n<\/tr>\n<tr valign=\"top\">\n<td width=\"181\">\n<p align=\"justify\">Google (AdService)<\/p>\n<\/td>\n<td width=\"195\">\n<p align=\"justify\">Conversi\u00f3n.<\/p>\n<\/td>\n<td width=\"276\">\n<p align=\"justify\">Conversi\u00f3n de datos sobre reservas finalizadas y sus importes.<\/p>\n<\/td>\n<\/tr>\n<\/tbody>\n<\/table>\n<p align=\"justify\"><strong>4.- C\u00d3MO RECHAZAR O BLOQUEAR COOKIES.<\/strong><\/p>\n<p>Puede bloquear las Cookies a trav\u00e9s de las herramientas de configuraci\u00f3n del navegador, o bien, puede configurar su navegador para que le avise cuando un servidor quiera guardar una Cookie:<br \/>\nSi utiliza Microsoft Internet Explorer, encontrar\u00e1 la opci\u00f3n en el men\u00fa Herramientas &gt; Opciones de Internet &gt; Privacidad &gt; Configuraci\u00f3n. Para saber m\u00e1s <a href=\"http:\/\/windows.microsoft.com\/es-es\/windows-vista\/block-or-allow-Cookies\" target=\"_blank\" rel=\"noopener\">http:\/\/windows.microsoft.com\/es-es\/windows-vista\/block-or-allow-Cookies<\/a> <a href=\"http:\/\/windows.microsoft.com\/es-es\/windows7\/how-to-manage-Cookies-in-internet-explorer-9\" target=\"_top\" rel=\"noopener\">http:\/\/windows.microsoft.com\/es-es\/windows7\/how-to-manage-Cookies-in-internet-explorer-9<\/a>.<br \/>\nSi utiliza Firefox, encontrar\u00e1 la opci\u00f3n en el men\u00fa Herramientas &gt; Opciones &gt; Privacidad &gt; Cookies. Para saber m\u00e1s <a href=\"https:\/\/support.mozilla.org\/en-US\/kb\/enable-and-disable-cookies-website-preferences\" target=\"_blank\" rel=\"noopener\">http:\/\/support.mozilla.org\/es\/kb\/habilitar-y-deshabilitar-Cookies-que-los-sitios-we<\/a>.<br \/>\nSi utiliza Chrome, en la secci\u00f3n de Opciones &gt; Opciones avanzadas &gt; Privacidad. Para saber m\u00e1s <a href=\"https:\/\/support.google.com\/accounts\/answer\/61416?hl=en\" target=\"_blank\" rel=\"noopener\">https:\/\/support.google.com\/accounts\/answer\/61416?hl=es<\/a><br \/>\nSi utiliza Safari encontrar\u00e1 la opci\u00f3n en el men\u00fa Preferencias\/Privacidad. Para saber m\u00e1s: <a href=\"http:\/\/support.apple.com\/kb\/HT1677?viewlocale=es_ES\" target=\"_top\" rel=\"noopener\">http:\/\/support.apple.com\/kb\/HT1677?viewlocale=es_ES<\/a><\/p>\n<\/div><\/div><\/div><\/div><\/div><\/div><\/section>\n","protected":false},"excerpt":{"rendered":"[vc_custom_heading source=\"post_title\" use_theme_fonts=\"yes\"]WEB: https:\/\/www.prime400.com Esta Pol\u00edtica de Cookies es parte integrante del Aviso Legal y Pol\u00edtica de Privacidad de la p\u00e1gina web www.prime400.com (en adelante, el \u201cSitio Web\u201d). El acceso y la navegaci\u00f3n en el Sitio Web, o el uso de los servicios del mismo, implican la aceptaci\u00f3n de los t\u00e9rminos y condiciones recogido en...","protected":false},"author":1,"featured_media":0,"parent":0,"menu_order":0,"comment_status":"closed","ping_status":"closed","template":"","meta":{"footnotes":""},"class_list":["post-92","page","type-page","status-publish","hentry"],"yoast_head":"<!-- This site is optimized with the Yoast SEO Premium plugin v26.2 (Yoast SEO v26.2) - https:\/\/yoast.com\/wordpress\/plugins\/seo\/ -->\n<title>Cookie Policy - Prime400 | Gourmetland Tenerife<\/title>\n<meta name=\"robots\" content=\"index, follow, max-snippet:-1, max-image-preview:large, max-video-preview:-1\" \/>\n<link rel=\"canonical\" href=\"https:\/\/prime400.com\/en\/cookie-policy\/\" \/>\n<meta property=\"og:locale\" content=\"en_US\" \/>\n<meta property=\"og:type\" content=\"article\" \/>\n<meta property=\"og:title\" content=\"Cookie Policy\" \/>\n<meta property=\"og:url\" content=\"https:\/\/prime400.com\/en\/cookie-policy\/\" \/>\n<meta property=\"og:site_name\" content=\"Prime400 | Gourmetland Tenerife\" \/>\n<meta property=\"article:modified_time\" content=\"2023-12-07T14:16:13+00:00\" \/>\n<meta name=\"twitter:card\" content=\"summary_large_image\" \/>\n<meta name=\"twitter:label1\" content=\"Est. reading time\" \/>\n\t<meta name=\"twitter:data1\" content=\"4 minutes\" \/>\n<script type=\"application\/ld+json\" class=\"yoast-schema-graph\">{\"@context\":\"https:\/\/schema.org\",\"@graph\":[{\"@type\":\"WebPage\",\"@id\":\"https:\/\/prime400.com\/en\/cookie-policy\/\",\"url\":\"https:\/\/prime400.com\/en\/cookie-policy\/\",\"name\":\"Cookie Policy - Prime400 | Gourmetland Tenerife\",\"isPartOf\":{\"@id\":\"https:\/\/prime400.com\/#website\"},\"datePublished\":\"2022-12-15T15:55:08+00:00\",\"dateModified\":\"2023-12-07T14:16:13+00:00\",\"breadcrumb\":{\"@id\":\"https:\/\/prime400.com\/en\/cookie-policy\/#breadcrumb\"},\"inLanguage\":\"en-US\",\"potentialAction\":[{\"@type\":\"ReadAction\",\"target\":[\"https:\/\/prime400.com\/en\/cookie-policy\/\"]}]},{\"@type\":\"BreadcrumbList\",\"@id\":\"https:\/\/prime400.com\/en\/cookie-policy\/#breadcrumb\",\"itemListElement\":[{\"@type\":\"ListItem\",\"position\":1,\"name\":\"Portada\",\"item\":\"https:\/\/prime400.com\/en\/\"},{\"@type\":\"ListItem\",\"position\":2,\"name\":\"Cookie Policy\"}]},{\"@type\":\"WebSite\",\"@id\":\"https:\/\/prime400.com\/#website\",\"url\":\"https:\/\/prime400.com\/\",\"name\":\"Prime400 | Gourmetland Tenerife\",\"description\":\"Restaurante Asador en Tenerife\",\"publisher\":{\"@id\":\"https:\/\/prime400.com\/#organization\"},\"potentialAction\":[{\"@type\":\"SearchAction\",\"target\":{\"@type\":\"EntryPoint\",\"urlTemplate\":\"https:\/\/prime400.com\/?s={search_term_string}\"},\"query-input\":{\"@type\":\"PropertyValueSpecification\",\"valueRequired\":true,\"valueName\":\"search_term_string\"}}],\"inLanguage\":\"en-US\"},{\"@type\":[\"Organization\",\"Place\"],\"@id\":\"https:\/\/prime400.com\/#organization\",\"name\":\"Prime 400\u00ba\",\"url\":\"https:\/\/prime400.com\/\",\"logo\":{\"@id\":\"https:\/\/prime400.com\/en\/cookie-policy\/#local-main-organization-logo\"},\"image\":{\"@id\":\"https:\/\/prime400.com\/en\/cookie-policy\/#local-main-organization-logo\"},\"address\":{\"@id\":\"https:\/\/prime400.com\/en\/cookie-policy\/#local-main-place-address\"},\"geo\":{\"@type\":\"GeoCoordinates\",\"latitude\":\"28.092462962586804\",\"longitude\":\"-16.73592040531865\"},\"telephone\":[],\"contactPoint\":{\"@type\":\"ContactPoint\",\"telephone\":\"922 78 08 21\",\"email\":\"info@prime400.com\"},\"openingHoursSpecification\":[{\"@type\":\"OpeningHoursSpecification\",\"dayOfWeek\":[\"Monday\",\"Tuesday\",\"Wednesday\",\"Thursday\",\"Friday\",\"Saturday\",\"Sunday\"],\"opens\":\"13:00\",\"closes\":\"23:00\"}]},{\"@type\":\"PostalAddress\",\"@id\":\"https:\/\/prime400.com\/en\/cookie-policy\/#local-main-place-address\",\"streetAddress\":\"Av. de Bruselas, 14, top floor, 38679 Costa Adeje, Santa Cruz de Tenerife\",\"addressLocality\":\"Costa Adeje\",\"postalCode\":\"38679\",\"addressCountry\":\"ES\"},{\"@type\":\"ImageObject\",\"inLanguage\":\"en-US\",\"@id\":\"https:\/\/prime400.com\/en\/cookie-policy\/#local-main-organization-logo\",\"url\":\"https:\/\/prime400.com\/wp-content\/uploads\/2023\/05\/prime400.png\",\"contentUrl\":\"https:\/\/prime400.com\/wp-content\/uploads\/2023\/05\/prime400.png\",\"width\":350,\"height\":350,\"caption\":\"Prime 400\u00ba\"}]}<\/script>\n<meta name=\"geo.placename\" content=\"Costa Adeje\" \/>\n<meta name=\"geo.position\" content=\"28.092462962586804;-16.73592040531865\" \/>\n<meta name=\"geo.region\" content=\"Spain\" \/>\n<!-- \/ Yoast SEO Premium plugin. -->","yoast_head_json":{"title":"Cookie Policy - Prime400 | Gourmetland Tenerife","robots":{"index":"index","follow":"follow","max-snippet":"max-snippet:-1","max-image-preview":"max-image-preview:large","max-video-preview":"max-video-preview:-1"},"canonical":"https:\/\/prime400.com\/en\/cookie-policy\/","og_locale":"en_US","og_type":"article","og_title":"Cookie Policy","og_url":"https:\/\/prime400.com\/en\/cookie-policy\/","og_site_name":"Prime400 | Gourmetland Tenerife","article_modified_time":"2023-12-07T14:16:13+00:00","twitter_card":"summary_large_image","twitter_misc":{"Est. reading time":"4 minutes"},"schema":{"@context":"https:\/\/schema.org","@graph":[{"@type":"WebPage","@id":"https:\/\/prime400.com\/en\/cookie-policy\/","url":"https:\/\/prime400.com\/en\/cookie-policy\/","name":"Cookie Policy - Prime400 | Gourmetland Tenerife","isPartOf":{"@id":"https:\/\/prime400.com\/#website"},"datePublished":"2022-12-15T15:55:08+00:00","dateModified":"2023-12-07T14:16:13+00:00","breadcrumb":{"@id":"https:\/\/prime400.com\/en\/cookie-policy\/#breadcrumb"},"inLanguage":"en-US","potentialAction":[{"@type":"ReadAction","target":["https:\/\/prime400.com\/en\/cookie-policy\/"]}]},{"@type":"BreadcrumbList","@id":"https:\/\/prime400.com\/en\/cookie-policy\/#breadcrumb","itemListElement":[{"@type":"ListItem","position":1,"name":"Portada","item":"https:\/\/prime400.com\/en\/"},{"@type":"ListItem","position":2,"name":"Cookie Policy"}]},{"@type":"WebSite","@id":"https:\/\/prime400.com\/#website","url":"https:\/\/prime400.com\/","name":"Prime400 | Gourmetland Tenerife","description":"Restaurante Asador en Tenerife","publisher":{"@id":"https:\/\/prime400.com\/#organization"},"potentialAction":[{"@type":"SearchAction","target":{"@type":"EntryPoint","urlTemplate":"https:\/\/prime400.com\/?s={search_term_string}"},"query-input":{"@type":"PropertyValueSpecification","valueRequired":true,"valueName":"search_term_string"}}],"inLanguage":"en-US"},{"@type":["Organization","Place"],"@id":"https:\/\/prime400.com\/#organization","name":"Prime 400\u00ba","url":"https:\/\/prime400.com\/","logo":{"@id":"https:\/\/prime400.com\/en\/cookie-policy\/#local-main-organization-logo"},"image":{"@id":"https:\/\/prime400.com\/en\/cookie-policy\/#local-main-organization-logo"},"address":{"@id":"https:\/\/prime400.com\/en\/cookie-policy\/#local-main-place-address"},"geo":{"@type":"GeoCoordinates","latitude":"28.092462962586804","longitude":"-16.73592040531865"},"telephone":[],"contactPoint":{"@type":"ContactPoint","telephone":"922 78 08 21","email":"info@prime400.com"},"openingHoursSpecification":[{"@type":"OpeningHoursSpecification","dayOfWeek":["Monday","Tuesday","Wednesday","Thursday","Friday","Saturday","Sunday"],"opens":"13:00","closes":"23:00"}]},{"@type":"PostalAddress","@id":"https:\/\/prime400.com\/en\/cookie-policy\/#local-main-place-address","streetAddress":"Av. de Bruselas, 14, top floor, 38679 Costa Adeje, Santa Cruz de Tenerife","addressLocality":"Costa Adeje","postalCode":"38679","addressCountry":"ES"},{"@type":"ImageObject","inLanguage":"en-US","@id":"https:\/\/prime400.com\/en\/cookie-policy\/#local-main-organization-logo","url":"https:\/\/prime400.com\/wp-content\/uploads\/2023\/05\/prime400.png","contentUrl":"https:\/\/prime400.com\/wp-content\/uploads\/2023\/05\/prime400.png","width":350,"height":350,"caption":"Prime 400\u00ba"}]},"geo.placename":"Costa Adeje","geo.position":{"lat":"28.092462962586804","long":"-16.73592040531865"},"geo.region":"Spain"},"_links":{"self":[{"href":"https:\/\/prime400.com\/en\/wp-json\/wp\/v2\/pages\/92","targetHints":{"allow":["GET"]}}],"collection":[{"href":"https:\/\/prime400.com\/en\/wp-json\/wp\/v2\/pages"}],"about":[{"href":"https:\/\/prime400.com\/en\/wp-json\/wp\/v2\/types\/page"}],"author":[{"embeddable":true,"href":"https:\/\/prime400.com\/en\/wp-json\/wp\/v2\/users\/1"}],"replies":[{"embeddable":true,"href":"https:\/\/prime400.com\/en\/wp-json\/wp\/v2\/comments?post=92"}],"version-history":[{"count":6,"href":"https:\/\/prime400.com\/en\/wp-json\/wp\/v2\/pages\/92\/revisions"}],"predecessor-version":[{"id":812,"href":"https:\/\/prime400.com\/en\/wp-json\/wp\/v2\/pages\/92\/revisions\/812"}],"wp:attachment":[{"href":"https:\/\/prime400.com\/en\/wp-json\/wp\/v2\/media?parent=92"}],"curies":[{"name":"wp","href":"https:\/\/api.w.org\/{rel}","templated":true}]}}